{"id":1899,"date":"2022-08-08T09:39:57","date_gmt":"2022-08-08T07:39:57","guid":{"rendered":"https:\/\/stahl-pohlmann.info\/kontakt-anfahrt\/"},"modified":"2023-04-25T10:05:00","modified_gmt":"2023-04-25T08:05:00","slug":"contact-aanpak","status":"publish","type":"page","link":"https:\/\/stahl-pohlmann.info\/nl\/contact-aanpak\/","title":{"rendered":"Contact \/ Aanpak"},"content":{"rendered":"<p>[et_pb_section fb_built=&#8221;1&#8243; fullwidth=&#8221;on&#8221; module_class=&#8221;titelbild&#8221; _builder_version=&#8221;4.19.4&#8243; _module_preset=&#8221;default&#8221; global_colors_info=&#8221;{}&#8221;][et_pb_fullwidth_code _builder_version=&#8221;4.19.4&#8243; _module_preset=&#8221;default&#8221; background_image=&#8221;https:\/\/stahl-pohlmann.info\/wp-content\/uploads\/2022\/08\/Gebaeude_002-scaled.jpg&#8221; background_position=&#8221;bottom_center&#8221; global_colors_info=&#8221;{}&#8221;][\/et_pb_fullwidth_code][\/et_pb_section][et_pb_section fb_built=&#8221;1&#8243; _builder_version=&#8221;4.17.6&#8243; _module_preset=&#8221;default&#8221; global_colors_info=&#8221;{}&#8221;][et_pb_row _builder_version=&#8221;4.17.6&#8243; _module_preset=&#8221;default&#8221; global_colors_info=&#8221;{}&#8221;][et_pb_column type=&#8221;4_4&#8243; _builder_version=&#8221;4.17.6&#8243; _module_preset=&#8221;default&#8221; global_colors_info=&#8221;{}&#8221;][et_pb_code _builder_version=&#8221;4.20.0&#8243; _module_preset=&#8221;default&#8221; hover_enabled=&#8221;0&#8243; global_colors_info=&#8221;{}&#8221; sticky_enabled=&#8221;0&#8243;]<\/p>\n<h1><!-- [et_pb_line_break_holder] --> Contact<!-- [et_pb_line_break_holder] --><\/h1>\n<p>[\/et_pb_code][\/et_pb_column][\/et_pb_row][et_pb_row _builder_version=&#8221;4.20.4&#8243; _module_preset=&#8221;default&#8221; hover_enabled=&#8221;0&#8243; global_colors_info=&#8221;{}&#8221; column_structure=&#8221;2_3,1_3&#8243; sticky_enabled=&#8221;0&#8243;][et_pb_column type=&#8221;2_3&#8243; _builder_version=&#8221;4.17.6&#8243; _module_preset=&#8221;default&#8221; global_colors_info=&#8221;{}&#8221;][et_pb_code _builder_version=&#8221;4.20.4&#8243; _module_preset=&#8221;default&#8221; hover_enabled=&#8221;0&#8243; global_colors_info=&#8221;{}&#8221; sticky_enabled=&#8221;0&#8243;]<\/p>\n<h2><!-- [et_pb_line_break_holder] --> Als u vragen of opmerkingen heeft, kunt u hier contact met ons opnemen!<!-- [et_pb_line_break_holder] --><\/h2>\n<p>[\/et_pb_code][et_pb_code module_class=&#8221;formular&#8221; _builder_version=&#8221;4.17.6&#8243; _module_preset=&#8221;default&#8221; hover_enabled=&#8221;0&#8243; global_colors_info=&#8221;{}&#8221; sticky_enabled=&#8221;0&#8243;]\n<div class=\"wpcf7 no-js\" id=\"wpcf7-f78-o1\" lang=\"de-DE\" dir=\"ltr\" data-wpcf7-id=\"78\">\n<div class=\"screen-reader-response\"><p role=\"status\" aria-live=\"polite\" aria-atomic=\"true\"><\/p> <ul><\/ul><\/div>\n<form action=\"\/nl\/wp-json\/wp\/v2\/pages\/1899#wpcf7-f78-o1\" method=\"post\" class=\"wpcf7-form init\" aria-label=\"Kontaktformular\" novalidate=\"novalidate\" data-status=\"init\">\n<fieldset class=\"hidden-fields-container\"><input type=\"hidden\" name=\"_wpcf7\" value=\"78\" \/><input type=\"hidden\" name=\"_wpcf7_version\" value=\"6.1.5\" \/><input type=\"hidden\" name=\"_wpcf7_locale\" value=\"de_DE\" \/><input type=\"hidden\" name=\"_wpcf7_unit_tag\" value=\"wpcf7-f78-o1\" \/><input type=\"hidden\" name=\"_wpcf7_container_post\" value=\"0\" \/><input type=\"hidden\" name=\"_wpcf7_posted_data_hash\" value=\"\" \/>\n<\/fieldset>\n<p><span class=\"wpcf7-form-control-wrap\" data-name=\"your-name\"><input size=\"40\" maxlength=\"400\" class=\"wpcf7-form-control wpcf7-text wpcf7-validates-as-required\" aria-required=\"true\" aria-invalid=\"false\" placeholder=\"Name*\" value=\"\" type=\"text\" name=\"your-name\" \/><\/span><br \/>\n<span class=\"wpcf7-form-control-wrap\" data-name=\"company\"><input size=\"40\" maxlength=\"400\" class=\"wpcf7-form-control wpcf7-text\" aria-invalid=\"false\" placeholder=\"Firmenname\" value=\"\" type=\"text\" name=\"company\" \/><\/span><br \/>\n<span class=\"wpcf7-form-control-wrap\" data-name=\"telefon\"><input size=\"40\" maxlength=\"400\" class=\"wpcf7-form-control wpcf7-tel wpcf7-validates-as-required wpcf7-text wpcf7-validates-as-tel\" aria-required=\"true\" aria-invalid=\"false\" placeholder=\"Telefon*\" value=\"\" type=\"tel\" name=\"telefon\" \/><\/span><br \/>\n<span class=\"wpcf7-form-control-wrap\" data-name=\"email\"><input size=\"40\" maxlength=\"400\" class=\"wpcf7-form-control wpcf7-email wpcf7-validates-as-required wpcf7-text wpcf7-validates-as-email\" aria-required=\"true\" aria-invalid=\"false\" placeholder=\"E-mail*\" value=\"\" type=\"email\" name=\"email\" \/><\/span><br \/>\n<span class=\"wpcf7-form-control-wrap\" data-name=\"message\"><textarea cols=\"40\" rows=\"10\" maxlength=\"2000\" class=\"wpcf7-form-control wpcf7-textarea\" aria-invalid=\"false\" placeholder=\"Nachricht\" name=\"message\"><\/textarea><\/span><br \/>\n<span id=\"wpcf7-69e5b33389ced-wrapper\" class=\"wpcf7-form-control-wrap last-name-wrap\" style=\"display:none !important; visibility:hidden !important;\"><label for=\"wpcf7-69e5b33389ced-field\" class=\"hp-message\">Bitte lasse dieses Feld leer.<\/label><input id=\"wpcf7-69e5b33389ced-field\"  class=\"wpcf7-form-control wpcf7-text\" type=\"text\" name=\"last-name\" value=\"\" size=\"40\" tabindex=\"-1\" autocomplete=\"new-password\" \/><\/span><br \/>\n<span class=\"wpcf7-form-control-wrap\" data-name=\"acceptance\"><span class=\"wpcf7-form-control wpcf7-acceptance\"><span class=\"wpcf7-list-item\"><label><input type=\"checkbox\" name=\"acceptance\" value=\"1\" aria-invalid=\"false\" \/><span class=\"wpcf7-list-item-label\">Ich stimme zu, dass zur Beantwortung meiner Anfrage meine Angaben aus dem Kontaktformular erhoben und verarbeitet werden d\u00fcrfen. Hinweise: Nach abgeschlossener Bearbeitung der Anfrage werden die Daten gel\u00f6scht. Die Einwilligung kann jederzeit f\u00fcr die Zukunft per E-Mail an XY widerrufen werden. Detaillierte Informationen zum Umgang mit Nutzerdaten finden Sie in unserer Datenschutzerkl\u00e4rung.\nDetaillierte Informationen zum Umgang mit Nutzerdaten finden Sie in unserer <a href=\"\/datenschutz\/\">Datenschutzerkl\u00e4rung<\/a>.<\/span><\/label><\/span><\/span><\/span><br \/>\n<input class=\"wpcf7-form-control wpcf7-submit has-spinner button\" type=\"submit\" value=\"Senden\" \/>\n<\/p><div class=\"wpcf7-response-output\" aria-hidden=\"true\"><\/div>\n<\/form>\n<\/div>\n[\/et_pb_code][\/et_pb_column][et_pb_column type=&#8221;1_3&#8243; _builder_version=&#8221;4.20.4&#8243; _module_preset=&#8221;default&#8221; hover_enabled=&#8221;0&#8243; global_colors_info=&#8221;{}&#8221; module_class=&#8221;kontakt-nl&#8221; sticky_enabled=&#8221;0&#8243;][et_pb_code _builder_version=&#8221;4.20.4&#8243; _module_preset=&#8221;default&#8221; hover_enabled=&#8221;0&#8243; sticky_enabled=&#8221;0&#8243;]<\/p>\n<h2><!-- [et_pb_line_break_holder] -->  Voor verdere vragen over ons bedrijf of voor directe materiaalaanvragen kunt u ook rechtstreeks contact opnemen met onze vertegenwoordiger voor Nederland.<!-- [et_pb_line_break_holder] --><\/h2>\n<p>[\/et_pb_code][et_pb_team_member _builder_version=&#8221;4.20.4&#8243; _module_preset=&#8221;default&#8221; name=&#8221;Jasper Joosten&#8221; position=&#8221;Joosten Technical Products BV&#8221; title_text=&#8221;jasper-joosten&#8221; image_url=&#8221;https:\/\/stahl-pohlmann.info\/wp-content\/uploads\/2023\/04\/jasper-joosten-scaled.jpg&#8221; hover_enabled=&#8221;0&#8243; sticky_enabled=&#8221;0&#8243;]<a href=\"tel:+31 (0)6 203 203 71\">+31 (0)6 203 203 71<\/a><br \/>\n<a href=\"mailto:info@joostenbv.nl\">info@joostenbv.nl<\/a>[\/et_pb_team_member][\/et_pb_column][\/et_pb_row][et_pb_row _builder_version=&#8221;4.17.6&#8243; _module_preset=&#8221;default&#8221; global_colors_info=&#8221;{}&#8221;][et_pb_column type=&#8221;4_4&#8243; _builder_version=&#8221;4.17.6&#8243; _module_preset=&#8221;default&#8221; global_colors_info=&#8221;{}&#8221;][\/et_pb_column][\/et_pb_row][\/et_pb_section][et_pb_section fb_built=&#8221;1&#8243; fullwidth=&#8221;on&#8221; _builder_version=&#8221;4.17.6&#8243; _module_preset=&#8221;default&#8221; global_colors_info=&#8221;{}&#8221;][et_pb_fullwidth_code _builder_version=&#8221;4.17.6&#8243; _module_preset=&#8221;default&#8221; global_colors_info=&#8221;{}&#8221;]<iframe src=\"https:\/\/www.google.com\/maps\/embed?pb=!1m18!1m12!1m3!1d2444.342742659513!2d7.315326715944781!3d52.218990566245054!2m3!1f0!2f0!3f0!3m2!1i1024!2i768!4f13.1!3m3!1m2!1s0x47b836acdb43fc1b%3A0x76e936affd5bde9f!2sSiemensweg%2010%2C%2048493%20Wettringen!5e0!3m2!1sde!2sde!4v1660127172178!5m2!1sde!2sde\" width=\"1920\" height=\"450\" style=\"border:0;\" allowfullscreen=\"0\" loading=\"lazy\" referrerpolicy=\"no-referrer-when-downgrade\"><\/iframe>[\/et_pb_fullwidth_code][\/et_pb_section]<\/p>\n","protected":false},"excerpt":{"rendered":"<p>\n<div class=\"wpcf7 no-js\" id=\"wpcf7-f78-o2\" lang=\"de-DE\" dir=\"ltr\" data-wpcf7-id=\"78\">\n<div class=\"screen-reader-response\"><p role=\"status\" aria-live=\"polite\" aria-atomic=\"true\"><\/p> <ul><\/ul><\/div>\n<form action=\"\/nl\/wp-json\/wp\/v2\/pages\/1899#wpcf7-f78-o2\" method=\"post\" class=\"wpcf7-form init\" aria-label=\"Kontaktformular\" novalidate=\"novalidate\" data-status=\"init\">\n<fieldset class=\"hidden-fields-container\"><input type=\"hidden\" name=\"_wpcf7\" value=\"78\" \/><input type=\"hidden\" name=\"_wpcf7_version\" value=\"6.1.5\" \/><input type=\"hidden\" name=\"_wpcf7_locale\" value=\"de_DE\" \/><input type=\"hidden\" name=\"_wpcf7_unit_tag\" value=\"wpcf7-f78-o2\" \/><input type=\"hidden\" name=\"_wpcf7_container_post\" value=\"0\" \/><input type=\"hidden\" name=\"_wpcf7_posted_data_hash\" value=\"\" \/>\n<\/fieldset>\n<p><span class=\"wpcf7-form-control-wrap\" data-name=\"your-name\"><input size=\"40\" maxlength=\"400\" class=\"wpcf7-form-control wpcf7-text wpcf7-validates-as-required\" aria-required=\"true\" aria-invalid=\"false\" placeholder=\"Name*\" value=\"\" type=\"text\" name=\"your-name\" \/><\/span><br \/>\n<span class=\"wpcf7-form-control-wrap\" data-name=\"company\"><input size=\"40\" maxlength=\"400\" class=\"wpcf7-form-control wpcf7-text\" aria-invalid=\"false\" placeholder=\"Firmenname\" value=\"\" type=\"text\" name=\"company\" \/><\/span><br \/>\n<span class=\"wpcf7-form-control-wrap\" data-name=\"telefon\"><input size=\"40\" maxlength=\"400\" class=\"wpcf7-form-control wpcf7-tel wpcf7-validates-as-required wpcf7-text wpcf7-validates-as-tel\" aria-required=\"true\" aria-invalid=\"false\" placeholder=\"Telefon*\" value=\"\" type=\"tel\" name=\"telefon\" \/><\/span><br \/>\n<span class=\"wpcf7-form-control-wrap\" data-name=\"email\"><input size=\"40\" maxlength=\"400\" class=\"wpcf7-form-control wpcf7-email wpcf7-validates-as-required wpcf7-text wpcf7-validates-as-email\" aria-required=\"true\" aria-invalid=\"false\" placeholder=\"E-mail*\" value=\"\" type=\"email\" name=\"email\" \/><\/span><br \/>\n<span class=\"wpcf7-form-control-wrap\" data-name=\"message\"><textarea cols=\"40\" rows=\"10\" maxlength=\"2000\" class=\"wpcf7-form-control wpcf7-textarea\" aria-invalid=\"false\" placeholder=\"Nachricht\" name=\"message\"><\/textarea><\/span><br \/>\n<span id=\"wpcf7-69e5b3339cb7b-wrapper\" class=\"wpcf7-form-control-wrap last-name-wrap\" style=\"display:none !important; visibility:hidden !important;\"><label for=\"wpcf7-69e5b3339cb7b-field\" class=\"hp-message\">Bitte lasse dieses Feld leer.<\/label><input id=\"wpcf7-69e5b3339cb7b-field\"  class=\"wpcf7-form-control wpcf7-text\" type=\"text\" name=\"last-name\" value=\"\" size=\"40\" tabindex=\"-1\" autocomplete=\"new-password\" \/><\/span><br \/>\n<span class=\"wpcf7-form-control-wrap\" data-name=\"acceptance\"><span class=\"wpcf7-form-control wpcf7-acceptance\"><span class=\"wpcf7-list-item\"><label><input type=\"checkbox\" name=\"acceptance\" value=\"1\" aria-invalid=\"false\" \/><span class=\"wpcf7-list-item-label\">Ich stimme zu, dass zur Beantwortung meiner Anfrage meine Angaben aus dem Kontaktformular erhoben und verarbeitet werden d\u00fcrfen. Hinweise: Nach abgeschlossener Bearbeitung der Anfrage werden die Daten gel\u00f6scht. Die Einwilligung kann jederzeit f\u00fcr die Zukunft per E-Mail an XY widerrufen werden. Detaillierte Informationen zum Umgang mit Nutzerdaten finden Sie in unserer Datenschutzerkl\u00e4rung.\nDetaillierte Informationen zum Umgang mit Nutzerdaten finden Sie in unserer <a href=\"\/datenschutz\/\">Datenschutzerkl\u00e4rung<\/a>.<\/span><\/label><\/span><\/span><\/span><br \/>\n<input class=\"wpcf7-form-control wpcf7-submit has-spinner button\" type=\"submit\" value=\"Senden\" \/>\n<\/p><div class=\"wpcf7-response-output\" aria-hidden=\"true\"><\/div>\n<\/form>\n<\/div>\n+31 (0)6 203 203 71 info@joostenbv.nl<\/p>\n","protected":false},"author":1,"featured_media":0,"parent":0,"menu_order":0,"comment_status":"closed","ping_status":"closed","template":"","meta":{"_et_pb_use_builder":"on","_et_pb_old_content":"","_et_gb_content_width":"","footnotes":""},"class_list":["post-1899","page","type-page","status-publish","hentry"],"yoast_head":"<!-- This site is optimized with the Yoast SEO plugin v27.4 - https:\/\/yoast.com\/product\/yoast-seo-wordpress\/ -->\n<title>Contact \/ Aanpak - Eisen + Baustahl Pohlmann<\/title>\n<meta name=\"description\" content=\"Maak van de gelegenheid gebruik om vragen en opmerkingen aan ons te richten en uw reis naar ons te plannen. Neem contact met ons op!\" \/>\n<meta name=\"robots\" content=\"index, follow, max-snippet:-1, max-image-preview:large, max-video-preview:-1\" \/>\n<link rel=\"canonical\" href=\"https:\/\/stahl-pohlmann.info\/nl\/contact-aanpak\/\" \/>\n<meta property=\"og:locale\" content=\"nl_NL\" \/>\n<meta property=\"og:type\" content=\"article\" \/>\n<meta property=\"og:title\" content=\"Contact \/ Aanpak - Eisen + Baustahl Pohlmann\" \/>\n<meta property=\"og:description\" content=\"Maak van de gelegenheid gebruik om vragen en opmerkingen aan ons te richten en uw reis naar ons te plannen. Neem contact met ons op!\" \/>\n<meta property=\"og:url\" content=\"https:\/\/stahl-pohlmann.info\/nl\/contact-aanpak\/\" \/>\n<meta property=\"og:site_name\" content=\"Eisen + Baustahl Pohlmann\" \/>\n<meta property=\"article:modified_time\" content=\"2023-04-25T08:05:00+00:00\" \/>\n<meta name=\"twitter:card\" content=\"summary_large_image\" \/>\n<script type=\"application\/ld+json\" class=\"yoast-schema-graph\">{\"@context\":\"https:\\\/\\\/schema.org\",\"@graph\":[{\"@type\":\"WebPage\",\"@id\":\"https:\\\/\\\/stahl-pohlmann.info\\\/nl\\\/contact-aanpak\\\/\",\"url\":\"https:\\\/\\\/stahl-pohlmann.info\\\/nl\\\/contact-aanpak\\\/\",\"name\":\"Contact \\\/ Aanpak - Eisen + Baustahl Pohlmann\",\"isPartOf\":{\"@id\":\"https:\\\/\\\/stahl-pohlmann.info\\\/nl\\\/#website\"},\"datePublished\":\"2022-08-08T07:39:57+00:00\",\"dateModified\":\"2023-04-25T08:05:00+00:00\",\"description\":\"Maak van de gelegenheid gebruik om vragen en opmerkingen aan ons te richten en uw reis naar ons te plannen. Neem contact met ons op!\",\"breadcrumb\":{\"@id\":\"https:\\\/\\\/stahl-pohlmann.info\\\/nl\\\/contact-aanpak\\\/#breadcrumb\"},\"inLanguage\":\"nl-NL\",\"potentialAction\":[{\"@type\":\"ReadAction\",\"target\":[\"https:\\\/\\\/stahl-pohlmann.info\\\/nl\\\/contact-aanpak\\\/\"]}]},{\"@type\":\"BreadcrumbList\",\"@id\":\"https:\\\/\\\/stahl-pohlmann.info\\\/nl\\\/contact-aanpak\\\/#breadcrumb\",\"itemListElement\":[{\"@type\":\"ListItem\",\"position\":1,\"name\":\"Startseite\",\"item\":\"https:\\\/\\\/stahl-pohlmann.info\\\/nl\\\/\"},{\"@type\":\"ListItem\",\"position\":2,\"name\":\"Contact \\\/ Aanpak\"}]},{\"@type\":\"WebSite\",\"@id\":\"https:\\\/\\\/stahl-pohlmann.info\\\/nl\\\/#website\",\"url\":\"https:\\\/\\\/stahl-pohlmann.info\\\/nl\\\/\",\"name\":\"Eisen + Baustahl Pohlmann\",\"description\":\"Just another WordPress site\",\"publisher\":{\"@id\":\"https:\\\/\\\/stahl-pohlmann.info\\\/nl\\\/#organization\"},\"potentialAction\":[{\"@type\":\"SearchAction\",\"target\":{\"@type\":\"EntryPoint\",\"urlTemplate\":\"https:\\\/\\\/stahl-pohlmann.info\\\/nl\\\/?s={search_term_string}\"},\"query-input\":{\"@type\":\"PropertyValueSpecification\",\"valueRequired\":true,\"valueName\":\"search_term_string\"}}],\"inLanguage\":\"nl-NL\"},{\"@type\":\"Organization\",\"@id\":\"https:\\\/\\\/stahl-pohlmann.info\\\/nl\\\/#organization\",\"name\":\"Eisen + Baustahl Pohlmann\",\"url\":\"https:\\\/\\\/stahl-pohlmann.info\\\/nl\\\/\",\"logo\":{\"@type\":\"ImageObject\",\"inLanguage\":\"nl-NL\",\"@id\":\"https:\\\/\\\/stahl-pohlmann.info\\\/nl\\\/#\\\/schema\\\/logo\\\/image\\\/\",\"url\":\"https:\\\/\\\/stahl-pohlmann.de\\\/wp-content\\\/uploads\\\/2022\\\/08\\\/logo-pohlmann.jpg\",\"contentUrl\":\"https:\\\/\\\/stahl-pohlmann.de\\\/wp-content\\\/uploads\\\/2022\\\/08\\\/logo-pohlmann.jpg\",\"width\":305,\"height\":87,\"caption\":\"Eisen + Baustahl Pohlmann\"},\"image\":{\"@id\":\"https:\\\/\\\/stahl-pohlmann.info\\\/nl\\\/#\\\/schema\\\/logo\\\/image\\\/\"}}]}<\/script>\n<!-- \/ Yoast SEO plugin. -->","yoast_head_json":{"title":"Contact \/ Aanpak - Eisen + Baustahl Pohlmann","description":"Maak van de gelegenheid gebruik om vragen en opmerkingen aan ons te richten en uw reis naar ons te plannen. Neem contact met ons op!","robots":{"index":"index","follow":"follow","max-snippet":"max-snippet:-1","max-image-preview":"max-image-preview:large","max-video-preview":"max-video-preview:-1"},"canonical":"https:\/\/stahl-pohlmann.info\/nl\/contact-aanpak\/","og_locale":"nl_NL","og_type":"article","og_title":"Contact \/ Aanpak - Eisen + Baustahl Pohlmann","og_description":"Maak van de gelegenheid gebruik om vragen en opmerkingen aan ons te richten en uw reis naar ons te plannen. Neem contact met ons op!","og_url":"https:\/\/stahl-pohlmann.info\/nl\/contact-aanpak\/","og_site_name":"Eisen + Baustahl Pohlmann","article_modified_time":"2023-04-25T08:05:00+00:00","twitter_card":"summary_large_image","schema":{"@context":"https:\/\/schema.org","@graph":[{"@type":"WebPage","@id":"https:\/\/stahl-pohlmann.info\/nl\/contact-aanpak\/","url":"https:\/\/stahl-pohlmann.info\/nl\/contact-aanpak\/","name":"Contact \/ Aanpak - Eisen + Baustahl Pohlmann","isPartOf":{"@id":"https:\/\/stahl-pohlmann.info\/nl\/#website"},"datePublished":"2022-08-08T07:39:57+00:00","dateModified":"2023-04-25T08:05:00+00:00","description":"Maak van de gelegenheid gebruik om vragen en opmerkingen aan ons te richten en uw reis naar ons te plannen. Neem contact met ons op!","breadcrumb":{"@id":"https:\/\/stahl-pohlmann.info\/nl\/contact-aanpak\/#breadcrumb"},"inLanguage":"nl-NL","potentialAction":[{"@type":"ReadAction","target":["https:\/\/stahl-pohlmann.info\/nl\/contact-aanpak\/"]}]},{"@type":"BreadcrumbList","@id":"https:\/\/stahl-pohlmann.info\/nl\/contact-aanpak\/#breadcrumb","itemListElement":[{"@type":"ListItem","position":1,"name":"Startseite","item":"https:\/\/stahl-pohlmann.info\/nl\/"},{"@type":"ListItem","position":2,"name":"Contact \/ Aanpak"}]},{"@type":"WebSite","@id":"https:\/\/stahl-pohlmann.info\/nl\/#website","url":"https:\/\/stahl-pohlmann.info\/nl\/","name":"Eisen + Baustahl Pohlmann","description":"Just another WordPress site","publisher":{"@id":"https:\/\/stahl-pohlmann.info\/nl\/#organization"},"potentialAction":[{"@type":"SearchAction","target":{"@type":"EntryPoint","urlTemplate":"https:\/\/stahl-pohlmann.info\/nl\/?s={search_term_string}"},"query-input":{"@type":"PropertyValueSpecification","valueRequired":true,"valueName":"search_term_string"}}],"inLanguage":"nl-NL"},{"@type":"Organization","@id":"https:\/\/stahl-pohlmann.info\/nl\/#organization","name":"Eisen + Baustahl Pohlmann","url":"https:\/\/stahl-pohlmann.info\/nl\/","logo":{"@type":"ImageObject","inLanguage":"nl-NL","@id":"https:\/\/stahl-pohlmann.info\/nl\/#\/schema\/logo\/image\/","url":"https:\/\/stahl-pohlmann.de\/wp-content\/uploads\/2022\/08\/logo-pohlmann.jpg","contentUrl":"https:\/\/stahl-pohlmann.de\/wp-content\/uploads\/2022\/08\/logo-pohlmann.jpg","width":305,"height":87,"caption":"Eisen + Baustahl Pohlmann"},"image":{"@id":"https:\/\/stahl-pohlmann.info\/nl\/#\/schema\/logo\/image\/"}}]}},"_links":{"self":[{"href":"https:\/\/stahl-pohlmann.info\/nl\/wp-json\/wp\/v2\/pages\/1899","targetHints":{"allow":["GET"]}}],"collection":[{"href":"https:\/\/stahl-pohlmann.info\/nl\/wp-json\/wp\/v2\/pages"}],"about":[{"href":"https:\/\/stahl-pohlmann.info\/nl\/wp-json\/wp\/v2\/types\/page"}],"author":[{"embeddable":true,"href":"https:\/\/stahl-pohlmann.info\/nl\/wp-json\/wp\/v2\/users\/1"}],"replies":[{"embeddable":true,"href":"https:\/\/stahl-pohlmann.info\/nl\/wp-json\/wp\/v2\/comments?post=1899"}],"version-history":[{"count":10,"href":"https:\/\/stahl-pohlmann.info\/nl\/wp-json\/wp\/v2\/pages\/1899\/revisions"}],"predecessor-version":[{"id":2069,"href":"https:\/\/stahl-pohlmann.info\/nl\/wp-json\/wp\/v2\/pages\/1899\/revisions\/2069"}],"wp:attachment":[{"href":"https:\/\/stahl-pohlmann.info\/nl\/wp-json\/wp\/v2\/media?parent=1899"}],"curies":[{"name":"wp","href":"https:\/\/api.w.org\/{rel}","templated":true}]}}