{"id":1507,"date":"2022-08-08T09:42:06","date_gmt":"2022-08-08T07:42:06","guid":{"rendered":"https:\/\/stahl-pohlmann.info\/unsere-werte\/"},"modified":"2023-05-10T14:29:21","modified_gmt":"2023-05-10T12:29:21","slug":"onze-waarden","status":"publish","type":"page","link":"https:\/\/stahl-pohlmann.info\/nl\/onze-waarden\/","title":{"rendered":"Onze waarden"},"content":{"rendered":"<p>[et_pb_section fb_built=&#8221;1&#8243; fullwidth=&#8221;on&#8221; module_class=&#8221;titelbild&#8221; _builder_version=&#8221;4.17.6&#8243; _module_preset=&#8221;default&#8221; global_colors_info=&#8221;{}&#8221;][et_pb_fullwidth_code module_class=&#8221;klein&#8221; _builder_version=&#8221;4.19.0&#8243; _module_preset=&#8221;default&#8221; background_image=&#8221;https:\/\/stahl-pohlmann.info\/wp-content\/uploads\/2022\/12\/Unternehmen_Luftaufnahme_02.jpg&#8221; background_position=&#8221;bottom_center&#8221; global_colors_info=&#8221;{}&#8221;]<pee><!-- [et_pb_line_break_holder] --> Staalcompetentie. Sinds 1946.<!-- [et_pb_line_break_holder] --><\/pee>[\/et_pb_fullwidth_code][\/et_pb_section][et_pb_section fb_built=&#8221;1&#8243; _builder_version=&#8221;4.17.6&#8243; _module_preset=&#8221;default&#8221; global_colors_info=&#8221;{}&#8221;][et_pb_row _builder_version=&#8221;4.17.6&#8243; _module_preset=&#8221;default&#8221; global_colors_info=&#8221;{}&#8221;][et_pb_column type=&#8221;4_4&#8243; _builder_version=&#8221;4.17.6&#8243; _module_preset=&#8221;default&#8221; global_colors_info=&#8221;{}&#8221;][et_pb_code _builder_version=&#8221;4.18.0&#8243; _module_preset=&#8221;default&#8221; global_colors_info=&#8221;{}&#8221;]<\/p>\n<h1><!-- [et_pb_line_break_holder] --> Onze waarden &#8211; Geschiedenis<!-- [et_pb_line_break_holder] --><\/h1>\n<p>[\/et_pb_code][\/et_pb_column][\/et_pb_row][et_pb_row column_structure=&#8221;1_2,1_2&#8243; _builder_version=&#8221;4.17.6&#8243; _module_preset=&#8221;default&#8221; global_colors_info=&#8221;{}&#8221;][et_pb_column type=&#8221;1_2&#8243; _builder_version=&#8221;4.17.6&#8243; _module_preset=&#8221;default&#8221; global_colors_info=&#8221;{}&#8221;][et_pb_code module_class=&#8221;klein&#8221; _builder_version=&#8221;4.19.4&#8243; _module_preset=&#8221;default&#8221; global_colors_info=&#8221;{}&#8221;]<\/p>\n<h2><!-- [et_pb_line_break_holder] --> Kennis, kwaliteit, persoonlijkheid en<!\u2013- [et_pb_br_holder] -\u2013><!-- [et_pb_line_break_holder] -->snelheid.<!-- [et_pb_line_break_holder] --><\/h2>\n<p>[\/et_pb_code][\/et_pb_column][et_pb_column type=&#8221;1_2&#8243; _builder_version=&#8221;4.17.6&#8243; _module_preset=&#8221;default&#8221; global_colors_info=&#8221;{}&#8221;][et_pb_code _builder_version=&#8221;4.18.0&#8243; _module_preset=&#8221;default&#8221; global_colors_info=&#8221;{}&#8221;]Dat zijn onze kernwaarden die ons elke dag opnieuw motiveren. En zo leveren wij <!-- [et_pb_line_break_holder] -->staal van uitstekende kwaliteit waar onze klanten al tientallen jaren blij mee zijn. Ontdek wat ons uniek maakt en wat belangrijk voor ons is.<!-- [et_pb_line_break_holder] --><!\u2013- [et_pb_br_holder] -\u2013><!\u2013- [et_pb_br_holder] -\u2013><!-- [et_pb_line_break_holder] -->Wij streven naar de hoogste kwaliteit in alles wat wij doen &#8211; van onze producten <!-- [et_pb_line_break_holder] -->en diensten tot de individuele oplossingen die wij onze klanten bieden. Onze hoge kwaliteitsnormen en de snelheid dankzij ons eigen wagenpark maken Pohlmann uniek.[\/et_pb_code][et_pb_button button_text=&#8221;Inzichten in ons bedrijf&#8221; button_alignment=&#8221;right&#8221; _builder_version=&#8221;4.17.6&#8243; _module_preset=&#8221;default&#8221; global_colors_info=&#8221;{}&#8221;][\/et_pb_button][\/et_pb_column][\/et_pb_row][\/et_pb_section][et_pb_section fb_built=&#8221;1&#8243; fullwidth=&#8221;on&#8221; _builder_version=&#8221;4.18.0&#8243; _module_preset=&#8221;default&#8221; global_colors_info=&#8221;{}&#8221;][et_pb_fullwidth_image src=&#8221;https:\/\/stahl-pohlmann.info\/wp-content\/uploads\/2022\/12\/Unternehmen_Luftaufnahme_01.jpg&#8221; alt=&#8221;Luchtfoto van het bedrijf&#8221; _builder_version=&#8221;4.19.0&#8243; _module_preset=&#8221;default&#8221; global_colors_info=&#8221;{}&#8221;][\/et_pb_fullwidth_image][\/et_pb_section][et_pb_section fb_built=&#8221;1&#8243; _builder_version=&#8221;4.17.6&#8243; _module_preset=&#8221;default&#8221; global_colors_info=&#8221;{}&#8221;][et_pb_row _builder_version=&#8221;4.17.6&#8243; _module_preset=&#8221;default&#8221; global_colors_info=&#8221;{}&#8221;][et_pb_column type=&#8221;4_4&#8243; _builder_version=&#8221;4.17.6&#8243; _module_preset=&#8221;default&#8221; global_colors_info=&#8221;{}&#8221;][et_pb_code module_class=&#8221;title&#8221; _builder_version=&#8221;4.18.0&#8243; _module_preset=&#8221;default&#8221; global_colors_info=&#8221;{}&#8221;]<\/p>\n<h2><!-- [et_pb_line_break_holder] --> Staalcompetentie. Sinds 1946.<!-- [et_pb_line_break_holder] --><\/h2>\n<p>[\/et_pb_code][\/et_pb_column][\/et_pb_row][et_pb_row column_structure=&#8221;1_2,1_2&#8243; _builder_version=&#8221;4.17.6&#8243; _module_preset=&#8221;default&#8221; global_colors_info=&#8221;{}&#8221;][et_pb_column type=&#8221;1_2&#8243; _builder_version=&#8221;4.17.6&#8243; _module_preset=&#8221;default&#8221; global_colors_info=&#8221;{}&#8221;][et_pb_code module_class=&#8221;klein&#8221; _builder_version=&#8221;4.19.4&#8243; _module_preset=&#8221;default&#8221; global_colors_info=&#8221;{}&#8221;]<\/p>\n<h2><!-- [et_pb_line_break_holder] --> Snel. Sterke service. Gespecialiseerd.<!\u2013- [et_pb_br_holder] -\u2013> Dit is waar Pohlmann al meer dan 75 jaar voor staat.<!-- [et_pb_line_break_holder] --><\/h2>\n<p>[\/et_pb_code][\/et_pb_column][et_pb_column type=&#8221;1_2&#8243; _builder_version=&#8221;4.17.6&#8243; _module_preset=&#8221;default&#8221; global_colors_info=&#8221;{}&#8221;][et_pb_code module_class=&#8221;historie&#8221; _builder_version=&#8221;4.19.0&#8243; _module_preset=&#8221;default&#8221; global_colors_info=&#8221;{}&#8221;]<\/p>\n<div><strong>2022<\/strong> <pee>Installatie van een zonnepanelen systeem van 750 KWh<\/pee><\/div>\n<p><!-- [et_pb_line_break_holder] --><\/p>\n<div><strong>2019<\/strong> <pee>Voltooiing van het gehele project<\/pee><\/div>\n<p><!-- [et_pb_line_break_holder] --><\/p>\n<div><strong>2017<\/strong> <pee>Start van het project Samenvoeging van locaties, nieuw kantoorgebouw, nieuw hoogbouwmagazijn, nieuwe hal 5+6<\/pee><\/div>\n<p><!-- [et_pb_line_break_holder] --><\/p>\n<div><strong>2010<\/strong> <pee>Stephanie Pohlmann neemt de leiding van het familiebedrijf over van haar moeder Ingeborg Pohlmann en haar adjunct-directeur Karl-Heinz Schmidt. <!-- [et_pb_line_break_holder] -->Stephanie Pohlmann wordt bij haar taken ondersteund door de jarenlange medewerkers Hans-J\u00fcrgen L\u00fctke-<!-- [et_pb_line_break_holder] -->Lefert en Dipl. Kfm. Christian H\u00f6lters.   <\/pee><\/div>\n<p><!-- [et_pb_line_break_holder] --><\/p>\n<div><strong>2007<\/strong> <pee>Ingeborg Pohlmann neemt haar dochter Stephanie op in de leiding van het huidige team van 45 medewerkers.<\/pee><\/div>\n<p><!-- [et_pb_line_break_holder] --><\/p>\n<div><strong>2006<\/strong> <pee>Ons bedrijf bestaat 60 jaar. De ontwikkeling van het bedrijf is altijd gericht geweest op continue, solide groei.<\/pee><\/div>\n<p><!-- [et_pb_line_break_holder] --><\/p>\n<div><strong>2002<\/strong> <pee>We heffen de afdeling betonstaal en bouwstaalmatten op <!-- [et_pb_line_break_holder] -->en installeren een nieuwe gecombineerde straal- en zaaginstallatie.<\/pee><\/div>\n<p><!-- [et_pb_line_break_holder] --><\/p>\n<div><strong>1998<\/strong> <pee>Verhuizing van de locatie Kaiser-Wilhelm-Stra\u00dfe naar de nieuwbouw van onze <!-- [et_pb_line_break_holder] -->vestiging in Wettringen met ca. 4.000 m\u00b2 opslagruimte.<\/pee><\/div>\n<p><!-- [et_pb_line_break_holder] --><\/p>\n<div><strong>1990<\/strong> <pee>Wij breiden ons assortiment naadloze stalen buizen en kwaliteitsrondstaal verder uit en betrekken de oude magazijnen aan de Kaiser-Wilhelm-Stra\u00dfe vanwege de uitgeputte opslagcapaciteit op het industrieterrein Ostendorf.<!-- [et_pb_line_break_holder] --><\/pee><\/div>\n<p><!-- [et_pb_line_break_holder] --><\/p>\n<div><strong>1983<\/strong> <pee>Na het fatale ongeluk van Hubert Pohlmann volgt zijn vrouw Ingeborg Pohlmann (geboren Dalm\u00fchle) hem op.<!-- [et_pb_line_break_holder] --><\/pee><\/div>\n<p><!-- [et_pb_line_break_holder] --><\/p>\n<div><strong>1977<\/strong> <pee>Het bedrijf verhuist naar de huidige locatie op het industrieterrein van Ostendorf met een opslagruimte van 3.000 vierkante meter. Langzaam en voorzichtig breiden we de opslagcapaciteit uit tot de huidige 6.500 m\u00b2.<!-- [et_pb_line_break_holder] --><\/pee><\/div>\n<p><!-- [et_pb_line_break_holder] --><\/p>\n<div><strong>1968<\/strong> <pee>De hoofdvestiging van het bedrijf verplaatsen we volledig naar Borghorst en 5 jaar later neemt Hubert Pohlmann, die het bedrijf zijn naam gaf, het bedrijf over met een oppervlakte van 1.000 m\u00b2.<!-- [et_pb_line_break_holder] --><\/pee><\/div>\n<p><!-- [et_pb_line_break_holder] --><\/p>\n<div><strong>1952<\/strong> <pee>Een tweede magazijn en verkoopkantoor wordt geopend in de Kaiser-Wilhelm-Stra\u00dfe in Borghorst (nu Steinfurt).<!-- [et_pb_line_break_holder] --><\/pee><\/div>\n<p><!-- [et_pb_line_break_holder] --><\/p>\n<div><strong>1946<\/strong> <pee>Josef Dalm\u00fchle richt in Ahaus het bedrijf EISEN + BAUSTAHL op. De handel was beperkt tot stalen staven, betonstaal en bouwstaalmatten.<!-- [et_pb_line_break_holder] --><\/pee><\/div>\n<p><!-- [et_pb_line_break_holder] -->[\/et_pb_code][\/et_pb_column][\/et_pb_row][\/et_pb_section][et_pb_section fb_built=&#8221;1&#8243; specialty=&#8221;on&#8221; module_class=&#8221;kachel-bilder&#8221; _builder_version=&#8221;4.17.6&#8243; _module_preset=&#8221;default&#8221; global_colors_info=&#8221;{}&#8221;][et_pb_column type=&#8221;2_3&#8243; specialty_columns=&#8221;2&#8243; _builder_version=&#8221;4.16&#8243; custom_padding=&#8221;|||&#8221; global_colors_info=&#8221;{}&#8221; custom_padding__hover=&#8221;|||&#8221;][et_pb_row_inner column_structure=&#8221;1_2,1_2&#8243; module_class=&#8221;objekt-eins&#8221; _builder_version=&#8221;4.17.6&#8243; _module_preset=&#8221;default&#8221; global_colors_info=&#8221;{}&#8221;][et_pb_column_inner type=&#8221;1_2&#8243; saved_specialty_column_type=&#8221;2_3&#8243; _builder_version=&#8221;4.17.6&#8243; _module_preset=&#8221;default&#8221; global_colors_info=&#8221;{}&#8221;][et_pb_image src=&#8221;https:\/\/stahl-pohlmann.info\/wp-content\/uploads\/2022\/10\/Historie_004-min-scaled.jpg&#8221; alt=&#8221;geschiedenis&#8221; _builder_version=&#8221;4.18.0&#8243; _module_preset=&#8221;default&#8221; global_colors_info=&#8221;{}&#8221;][\/et_pb_image][\/et_pb_column_inner][et_pb_column_inner type=&#8221;1_2&#8243; saved_specialty_column_type=&#8221;2_3&#8243; _builder_version=&#8221;4.17.6&#8243; _module_preset=&#8221;default&#8221; global_colors_info=&#8221;{}&#8221;][et_pb_code _builder_version=&#8221;4.20.4&#8243; _module_preset=&#8221;default&#8221; hover_enabled=&#8221;0&#8243; global_colors_info=&#8221;{}&#8221; sticky_enabled=&#8221;0&#8243;]<\/p>\n<h3><!-- [et_pb_line_break_holder] --> Stahl.<!\u2013- [et_pb_br_holder] -\u2013><!-- [et_pb_line_break_holder] --> Individuell.<!\u2013- [et_pb_br_holder] -\u2013><!-- [et_pb_line_break_holder] --> Schnell.<!\u2013- [et_pb_br_holder] -\u2013><!-- [et_pb_line_break_holder] --><\/h3>\n<p><!-- [et_pb_line_break_holder] --><a class=\"et_pb_button et_pb_button_0 et_pb_bg_layout_light produkte-nl\" href=\"#\">Naar onze producten<\/a>[\/et_pb_code][\/et_pb_column_inner][\/et_pb_row_inner][et_pb_row_inner column_structure=&#8221;1_2,1_2&#8243; module_class=&#8221;objekt-zwei&#8221; _builder_version=&#8221;4.17.6&#8243; _module_preset=&#8221;default&#8221; global_colors_info=&#8221;{}&#8221;][et_pb_column_inner type=&#8221;1_2&#8243; saved_specialty_column_type=&#8221;2_3&#8243; _builder_version=&#8221;4.17.6&#8243; _module_preset=&#8221;default&#8221; global_colors_info=&#8221;{}&#8221;][et_pb_image src=&#8221;https:\/\/stahl-pohlmann.info\/wp-content\/uploads\/2022\/10\/Bildcollage2_Bild2.jpg&#8221; alt=&#8221;staal&#8221; _builder_version=&#8221;4.18.0&#8243; _module_preset=&#8221;default&#8221; global_colors_info=&#8221;{}&#8221;][\/et_pb_image][\/et_pb_column_inner][et_pb_column_inner type=&#8221;1_2&#8243; saved_specialty_column_type=&#8221;2_3&#8243; _builder_version=&#8221;4.17.6&#8243; _module_preset=&#8221;default&#8221; global_colors_info=&#8221;{}&#8221;][et_pb_image src=&#8221;https:\/\/stahl-pohlmann.info\/wp-content\/uploads\/2022\/10\/Historie_001.jpg&#8221; alt=&#8221;geschiedenis&#8221; _builder_version=&#8221;4.18.0&#8243; _module_preset=&#8221;default&#8221; global_colors_info=&#8221;{}&#8221;][\/et_pb_image][\/et_pb_column_inner][\/et_pb_row_inner][\/et_pb_column][et_pb_column type=&#8221;1_3&#8243; _builder_version=&#8221;4.16&#8243; custom_padding=&#8221;|||&#8221; global_colors_info=&#8221;{}&#8221; custom_padding__hover=&#8221;|||&#8221;][et_pb_image src=&#8221;https:\/\/stahl-pohlmann.info\/wp-content\/uploads\/2022\/10\/Historie_002.jpg&#8221; alt=&#8221;geschiedenis&#8221; module_class=&#8221;objekt-drei&#8221; _builder_version=&#8221;4.18.0&#8243; _module_preset=&#8221;default&#8221; global_colors_info=&#8221;{}&#8221;][\/et_pb_image][\/et_pb_column][\/et_pb_section]<\/p>\n","protected":false},"excerpt":{"rendered":"","protected":false},"author":1,"featured_media":0,"parent":0,"menu_order":0,"comment_status":"closed","ping_status":"closed","template":"","meta":{"_et_pb_use_builder":"on","_et_pb_old_content":"","_et_gb_content_width":"","footnotes":""},"class_list":["post-1507","page","type-page","status-publish","hentry"],"yoast_head":"<!-- This site is optimized with the Yoast SEO plugin v27.4 - https:\/\/yoast.com\/product\/yoast-seo-wordpress\/ -->\n<title>Onze waarden - Eisen + Baustahl Pohlmann<\/title>\n<meta name=\"description\" content=\"De waarden van Pohlmann zijn snel, sterke service en specialisatie. Ontdek hier onze kernwaarden van de afgelopen 75 jaar.\" \/>\n<meta name=\"robots\" content=\"index, follow, max-snippet:-1, max-image-preview:large, max-video-preview:-1\" \/>\n<link rel=\"canonical\" href=\"https:\/\/stahl-pohlmann.info\/nl\/onze-waarden\/\" \/>\n<meta property=\"og:locale\" content=\"nl_NL\" \/>\n<meta property=\"og:type\" content=\"article\" \/>\n<meta property=\"og:title\" content=\"Onze waarden - Eisen + Baustahl Pohlmann\" \/>\n<meta property=\"og:description\" content=\"De waarden van Pohlmann zijn snel, sterke service en specialisatie. Ontdek hier onze kernwaarden van de afgelopen 75 jaar.\" \/>\n<meta property=\"og:url\" content=\"https:\/\/stahl-pohlmann.info\/nl\/onze-waarden\/\" \/>\n<meta property=\"og:site_name\" content=\"Eisen + Baustahl Pohlmann\" \/>\n<meta property=\"article:modified_time\" content=\"2023-05-10T12:29:21+00:00\" \/>\n<meta name=\"twitter:card\" content=\"summary_large_image\" \/>\n<script type=\"application\/ld+json\" class=\"yoast-schema-graph\">{\"@context\":\"https:\\\/\\\/schema.org\",\"@graph\":[{\"@type\":\"WebPage\",\"@id\":\"https:\\\/\\\/stahl-pohlmann.info\\\/nl\\\/onze-waarden\\\/\",\"url\":\"https:\\\/\\\/stahl-pohlmann.info\\\/nl\\\/onze-waarden\\\/\",\"name\":\"Onze waarden - Eisen + Baustahl Pohlmann\",\"isPartOf\":{\"@id\":\"https:\\\/\\\/stahl-pohlmann.info\\\/nl\\\/#website\"},\"datePublished\":\"2022-08-08T07:42:06+00:00\",\"dateModified\":\"2023-05-10T12:29:21+00:00\",\"description\":\"De waarden van Pohlmann zijn snel, sterke service en specialisatie. Ontdek hier onze kernwaarden van de afgelopen 75 jaar.\",\"breadcrumb\":{\"@id\":\"https:\\\/\\\/stahl-pohlmann.info\\\/nl\\\/onze-waarden\\\/#breadcrumb\"},\"inLanguage\":\"nl-NL\",\"potentialAction\":[{\"@type\":\"ReadAction\",\"target\":[\"https:\\\/\\\/stahl-pohlmann.info\\\/nl\\\/onze-waarden\\\/\"]}]},{\"@type\":\"BreadcrumbList\",\"@id\":\"https:\\\/\\\/stahl-pohlmann.info\\\/nl\\\/onze-waarden\\\/#breadcrumb\",\"itemListElement\":[{\"@type\":\"ListItem\",\"position\":1,\"name\":\"Startseite\",\"item\":\"https:\\\/\\\/stahl-pohlmann.info\\\/nl\\\/\"},{\"@type\":\"ListItem\",\"position\":2,\"name\":\"Onze waarden\"}]},{\"@type\":\"WebSite\",\"@id\":\"https:\\\/\\\/stahl-pohlmann.info\\\/nl\\\/#website\",\"url\":\"https:\\\/\\\/stahl-pohlmann.info\\\/nl\\\/\",\"name\":\"Eisen + Baustahl Pohlmann\",\"description\":\"Just another WordPress site\",\"publisher\":{\"@id\":\"https:\\\/\\\/stahl-pohlmann.info\\\/nl\\\/#organization\"},\"potentialAction\":[{\"@type\":\"SearchAction\",\"target\":{\"@type\":\"EntryPoint\",\"urlTemplate\":\"https:\\\/\\\/stahl-pohlmann.info\\\/nl\\\/?s={search_term_string}\"},\"query-input\":{\"@type\":\"PropertyValueSpecification\",\"valueRequired\":true,\"valueName\":\"search_term_string\"}}],\"inLanguage\":\"nl-NL\"},{\"@type\":\"Organization\",\"@id\":\"https:\\\/\\\/stahl-pohlmann.info\\\/nl\\\/#organization\",\"name\":\"Eisen + Baustahl Pohlmann\",\"url\":\"https:\\\/\\\/stahl-pohlmann.info\\\/nl\\\/\",\"logo\":{\"@type\":\"ImageObject\",\"inLanguage\":\"nl-NL\",\"@id\":\"https:\\\/\\\/stahl-pohlmann.info\\\/nl\\\/#\\\/schema\\\/logo\\\/image\\\/\",\"url\":\"https:\\\/\\\/stahl-pohlmann.de\\\/wp-content\\\/uploads\\\/2022\\\/08\\\/logo-pohlmann.jpg\",\"contentUrl\":\"https:\\\/\\\/stahl-pohlmann.de\\\/wp-content\\\/uploads\\\/2022\\\/08\\\/logo-pohlmann.jpg\",\"width\":305,\"height\":87,\"caption\":\"Eisen + Baustahl Pohlmann\"},\"image\":{\"@id\":\"https:\\\/\\\/stahl-pohlmann.info\\\/nl\\\/#\\\/schema\\\/logo\\\/image\\\/\"}}]}<\/script>\n<!-- \/ Yoast SEO plugin. -->","yoast_head_json":{"title":"Onze waarden - Eisen + Baustahl Pohlmann","description":"De waarden van Pohlmann zijn snel, sterke service en specialisatie. Ontdek hier onze kernwaarden van de afgelopen 75 jaar.","robots":{"index":"index","follow":"follow","max-snippet":"max-snippet:-1","max-image-preview":"max-image-preview:large","max-video-preview":"max-video-preview:-1"},"canonical":"https:\/\/stahl-pohlmann.info\/nl\/onze-waarden\/","og_locale":"nl_NL","og_type":"article","og_title":"Onze waarden - Eisen + Baustahl Pohlmann","og_description":"De waarden van Pohlmann zijn snel, sterke service en specialisatie. Ontdek hier onze kernwaarden van de afgelopen 75 jaar.","og_url":"https:\/\/stahl-pohlmann.info\/nl\/onze-waarden\/","og_site_name":"Eisen + Baustahl Pohlmann","article_modified_time":"2023-05-10T12:29:21+00:00","twitter_card":"summary_large_image","schema":{"@context":"https:\/\/schema.org","@graph":[{"@type":"WebPage","@id":"https:\/\/stahl-pohlmann.info\/nl\/onze-waarden\/","url":"https:\/\/stahl-pohlmann.info\/nl\/onze-waarden\/","name":"Onze waarden - Eisen + Baustahl Pohlmann","isPartOf":{"@id":"https:\/\/stahl-pohlmann.info\/nl\/#website"},"datePublished":"2022-08-08T07:42:06+00:00","dateModified":"2023-05-10T12:29:21+00:00","description":"De waarden van Pohlmann zijn snel, sterke service en specialisatie. Ontdek hier onze kernwaarden van de afgelopen 75 jaar.","breadcrumb":{"@id":"https:\/\/stahl-pohlmann.info\/nl\/onze-waarden\/#breadcrumb"},"inLanguage":"nl-NL","potentialAction":[{"@type":"ReadAction","target":["https:\/\/stahl-pohlmann.info\/nl\/onze-waarden\/"]}]},{"@type":"BreadcrumbList","@id":"https:\/\/stahl-pohlmann.info\/nl\/onze-waarden\/#breadcrumb","itemListElement":[{"@type":"ListItem","position":1,"name":"Startseite","item":"https:\/\/stahl-pohlmann.info\/nl\/"},{"@type":"ListItem","position":2,"name":"Onze waarden"}]},{"@type":"WebSite","@id":"https:\/\/stahl-pohlmann.info\/nl\/#website","url":"https:\/\/stahl-pohlmann.info\/nl\/","name":"Eisen + Baustahl Pohlmann","description":"Just another WordPress site","publisher":{"@id":"https:\/\/stahl-pohlmann.info\/nl\/#organization"},"potentialAction":[{"@type":"SearchAction","target":{"@type":"EntryPoint","urlTemplate":"https:\/\/stahl-pohlmann.info\/nl\/?s={search_term_string}"},"query-input":{"@type":"PropertyValueSpecification","valueRequired":true,"valueName":"search_term_string"}}],"inLanguage":"nl-NL"},{"@type":"Organization","@id":"https:\/\/stahl-pohlmann.info\/nl\/#organization","name":"Eisen + Baustahl Pohlmann","url":"https:\/\/stahl-pohlmann.info\/nl\/","logo":{"@type":"ImageObject","inLanguage":"nl-NL","@id":"https:\/\/stahl-pohlmann.info\/nl\/#\/schema\/logo\/image\/","url":"https:\/\/stahl-pohlmann.de\/wp-content\/uploads\/2022\/08\/logo-pohlmann.jpg","contentUrl":"https:\/\/stahl-pohlmann.de\/wp-content\/uploads\/2022\/08\/logo-pohlmann.jpg","width":305,"height":87,"caption":"Eisen + Baustahl Pohlmann"},"image":{"@id":"https:\/\/stahl-pohlmann.info\/nl\/#\/schema\/logo\/image\/"}}]}},"_links":{"self":[{"href":"https:\/\/stahl-pohlmann.info\/nl\/wp-json\/wp\/v2\/pages\/1507","targetHints":{"allow":["GET"]}}],"collection":[{"href":"https:\/\/stahl-pohlmann.info\/nl\/wp-json\/wp\/v2\/pages"}],"about":[{"href":"https:\/\/stahl-pohlmann.info\/nl\/wp-json\/wp\/v2\/types\/page"}],"author":[{"embeddable":true,"href":"https:\/\/stahl-pohlmann.info\/nl\/wp-json\/wp\/v2\/users\/1"}],"replies":[{"embeddable":true,"href":"https:\/\/stahl-pohlmann.info\/nl\/wp-json\/wp\/v2\/comments?post=1507"}],"version-history":[{"count":10,"href":"https:\/\/stahl-pohlmann.info\/nl\/wp-json\/wp\/v2\/pages\/1507\/revisions"}],"predecessor-version":[{"id":2126,"href":"https:\/\/stahl-pohlmann.info\/nl\/wp-json\/wp\/v2\/pages\/1507\/revisions\/2126"}],"wp:attachment":[{"href":"https:\/\/stahl-pohlmann.info\/nl\/wp-json\/wp\/v2\/media?parent=1507"}],"curies":[{"name":"wp","href":"https:\/\/api.w.org\/{rel}","templated":true}]}}