{"id":1508,"date":"2022-08-08T09:42:06","date_gmt":"2022-08-08T07:42:06","guid":{"rendered":"https:\/\/stahl-pohlmann.info\/unsere-werte\/"},"modified":"2023-05-10T14:26:45","modified_gmt":"2023-05-10T12:26:45","slug":"our-values","status":"publish","type":"page","link":"https:\/\/stahl-pohlmann.info\/en\/our-values\/","title":{"rendered":"Our values"},"content":{"rendered":"<p>[et_pb_section fb_built=&#8221;1&#8243; fullwidth=&#8221;on&#8221; module_class=&#8221;titelbild&#8221; _builder_version=&#8221;4.17.6&#8243; _module_preset=&#8221;default&#8221; global_colors_info=&#8221;{}&#8221;][et_pb_fullwidth_code module_class=&#8221;klein&#8221; _builder_version=&#8221;4.19.0&#8243; _module_preset=&#8221;default&#8221; background_image=&#8221;https:\/\/stahl-pohlmann.info\/wp-content\/uploads\/2022\/12\/Unternehmen_Luftaufnahme_02.jpg&#8221; background_position=&#8221;bottom_center&#8221; global_colors_info=&#8221;{}&#8221;]<pee><!-- [et_pb_line_break_holder] --> Steel competence. Since 1946.<!-- [et_pb_line_break_holder] --><\/pee>[\/et_pb_fullwidth_code][\/et_pb_section][et_pb_section fb_built=&#8221;1&#8243; _builder_version=&#8221;4.17.6&#8243; _module_preset=&#8221;default&#8221; global_colors_info=&#8221;{}&#8221;][et_pb_row _builder_version=&#8221;4.17.6&#8243; _module_preset=&#8221;default&#8221; global_colors_info=&#8221;{}&#8221;][et_pb_column type=&#8221;4_4&#8243; _builder_version=&#8221;4.17.6&#8243; _module_preset=&#8221;default&#8221; global_colors_info=&#8221;{}&#8221;][et_pb_code _builder_version=&#8221;4.18.0&#8243; _module_preset=&#8221;default&#8221; global_colors_info=&#8221;{}&#8221;]<\/p>\n<h1><!-- [et_pb_line_break_holder] --> Our values &#8211; History<!-- [et_pb_line_break_holder] --><\/h1>\n<p>[\/et_pb_code][\/et_pb_column][\/et_pb_row][et_pb_row column_structure=&#8221;1_2,1_2&#8243; _builder_version=&#8221;4.17.6&#8243; _module_preset=&#8221;default&#8221; global_colors_info=&#8221;{}&#8221;][et_pb_column type=&#8221;1_2&#8243; _builder_version=&#8221;4.17.6&#8243; _module_preset=&#8221;default&#8221; global_colors_info=&#8221;{}&#8221;][et_pb_code module_class=&#8221;klein&#8221; _builder_version=&#8221;4.19.4&#8243; _module_preset=&#8221;default&#8221; global_colors_info=&#8221;{}&#8221;]<\/p>\n<h2><!-- [et_pb_line_break_holder] --> Competence, quality, individuality and<!\u2013- [et_pb_br_holder] -\u2013><!-- [et_pb_line_break_holder] -->speed.<!-- [et_pb_line_break_holder] --><\/h2>\n<p>[\/et_pb_code][\/et_pb_column][et_pb_column type=&#8221;1_2&#8243; _builder_version=&#8221;4.17.6&#8243; _module_preset=&#8221;default&#8221; global_colors_info=&#8221;{}&#8221;][et_pb_code _builder_version=&#8221;4.18.0&#8243; _module_preset=&#8221;default&#8221; global_colors_info=&#8221;{}&#8221;]These are our core values that move us every day. And so, we supply <!-- [et_pb_line_break_holder] -->steel of outstanding quality that has delighted our customers for decades. Discover what shapes us and what is important to us.<!-- [et_pb_line_break_holder] --><!\u2013- [et_pb_br_holder] -\u2013><!\u2013- [et_pb_br_holder] -\u2013><!-- [et_pb_line_break_holder] -->We strive for the highest quality in everything we do &#8211; from our products <!-- [et_pb_line_break_holder] -->and services to the individual solutions we offer our customers. Our high quality standards and our speed due to our own fleet of vehicles make Pohlmann unique.[\/et_pb_code][et_pb_button button_text=&#8221;Insights into our company&#8221; button_alignment=&#8221;right&#8221; _builder_version=&#8221;4.17.6&#8243; _module_preset=&#8221;default&#8221; global_colors_info=&#8221;{}&#8221;][\/et_pb_button][\/et_pb_column][\/et_pb_row][\/et_pb_section][et_pb_section fb_built=&#8221;1&#8243; fullwidth=&#8221;on&#8221; _builder_version=&#8221;4.18.0&#8243; _module_preset=&#8221;default&#8221; global_colors_info=&#8221;{}&#8221;][et_pb_fullwidth_image src=&#8221;https:\/\/stahl-pohlmann.info\/wp-content\/uploads\/2022\/12\/Unternehmen_Luftaufnahme_01.jpg&#8221; alt=&#8221;company aerial view&#8221; _builder_version=&#8221;4.19.0&#8243; _module_preset=&#8221;default&#8221; global_colors_info=&#8221;{}&#8221;][\/et_pb_fullwidth_image][\/et_pb_section][et_pb_section fb_built=&#8221;1&#8243; _builder_version=&#8221;4.17.6&#8243; _module_preset=&#8221;default&#8221; global_colors_info=&#8221;{}&#8221;][et_pb_row _builder_version=&#8221;4.17.6&#8243; _module_preset=&#8221;default&#8221; global_colors_info=&#8221;{}&#8221;][et_pb_column type=&#8221;4_4&#8243; _builder_version=&#8221;4.17.6&#8243; _module_preset=&#8221;default&#8221; global_colors_info=&#8221;{}&#8221;][et_pb_code module_class=&#8221;title&#8221; _builder_version=&#8221;4.18.0&#8243; _module_preset=&#8221;default&#8221; global_colors_info=&#8221;{}&#8221;]<\/p>\n<h2><!-- [et_pb_line_break_holder] --> Steel competence. Since 1946.<!-- [et_pb_line_break_holder] --><\/h2>\n<p>[\/et_pb_code][\/et_pb_column][\/et_pb_row][et_pb_row column_structure=&#8221;1_2,1_2&#8243; _builder_version=&#8221;4.17.6&#8243; _module_preset=&#8221;default&#8221; global_colors_info=&#8221;{}&#8221;][et_pb_column type=&#8221;1_2&#8243; _builder_version=&#8221;4.17.6&#8243; _module_preset=&#8221;default&#8221; global_colors_info=&#8221;{}&#8221;][et_pb_code module_class=&#8221;klein&#8221; _builder_version=&#8221;4.19.4&#8243; _module_preset=&#8221;default&#8221; global_colors_info=&#8221;{}&#8221;]<\/p>\n<h2><!-- [et_pb_line_break_holder] --> Fast. Strong in service. Specialised.<!\u2013- [et_pb_br_holder] -\u2013> This is what Pohlmann has stood for over 75 years.<!-- [et_pb_line_break_holder] --><\/h2>\n<p>[\/et_pb_code][\/et_pb_column][et_pb_column type=&#8221;1_2&#8243; _builder_version=&#8221;4.17.6&#8243; _module_preset=&#8221;default&#8221; global_colors_info=&#8221;{}&#8221;][et_pb_code module_class=&#8221;historie&#8221; _builder_version=&#8221;4.19.0&#8243; _module_preset=&#8221;default&#8221; global_colors_info=&#8221;{}&#8221;]<\/p>\n<div><strong>2022<\/strong> <pee>Installation of a 750 kWp photovoltaic system<\/pee><\/div>\n<p><!-- [et_pb_line_break_holder] --><\/p>\n<div><strong>2019<\/strong> <pee>Completion of the entire project<\/pee><\/div>\n<p><!-- [et_pb_line_break_holder] --><\/p>\n<div><strong>2017<\/strong> <pee>Start of the project consolidation of locations, new administration building, new high-bay warehouse, newly built hall 5+6<\/pee><\/div>\n<p><!-- [et_pb_line_break_holder] --><\/p>\n<div><strong>2010<\/strong> <pee>Stephanie Pohlmann takes over the management of the family business from her mother Ingeborg Pohlmann and her deputy managing director Karl-Heinz Schmidt. <!-- [et_pb_line_break_holder] -->Stephanie Pohlmann is supported in her tasks by the long-time employees Hans-J\u00fcrgen L\u00fctke-<!-- [et_pb_line_break_holder] -->Lefert and Christian H\u00f6lters.   <\/pee><\/div>\n<p><!-- [et_pb_line_break_holder] --><\/p>\n<div><strong>2007<\/strong> <pee>Ingeborg Pohlmann took her daughter Stephanie into the management of the current team of 45 employees.<\/pee><\/div>\n<p><!-- [et_pb_line_break_holder] --><\/p>\n<div><strong>2006<\/strong> <pee>Our company celebrated its 60th anniversary. The focus of the company&#8217;s development has always been on continuous, solid growth.<\/pee><\/div>\n<p><!-- [et_pb_line_break_holder] --><\/p>\n<div><strong>2002<\/strong> <pee>We closed the department of reinforcing steel and structural steel mesh <!-- [et_pb_line_break_holder] -->and installed a new combined blasting and sawing plant.<\/pee><\/div>\n<p><!-- [et_pb_line_break_holder] --><\/p>\n<div><strong>1998<\/strong> <pee>Relocation from the Kaiser-Wilhelm-Stra\u00dfe location to the new building of our <!-- [et_pb_line_break_holder] -->branch in Wettringen with approx. 4,000 sqm of storage space.<\/pee><\/div>\n<p><!-- [et_pb_line_break_holder] --><\/p>\n<div><strong>1990<\/strong> <pee>We further expanded our range of seamless steel pipes and quality round steel and moved into the old warehouses on Kaiser-Wilhelm-Stra\u00dfe due to exhausted storage capacity in the Ostendorf industrial estate.<!-- [et_pb_line_break_holder] --><\/pee><\/div>\n<p><!-- [et_pb_line_break_holder] --><\/p>\n<div><strong>1983<\/strong> <pee>After Hubert Pohlmann&#8217;s fatal accident, his wife Ingeborg Pohlmann (n\u00e9e Dalm\u00fchle) succeeded him.<!-- [et_pb_line_break_holder] --><\/pee><\/div>\n<p><!-- [et_pb_line_break_holder] --><\/p>\n<div><strong>1977<\/strong> <pee>The company moved to the Ostendorf industrial estate with a storage area of 3,000 sqm. Slowly and prudently, we expanded the storage capacity to 6,500 sqm.<!-- [et_pb_line_break_holder] --><\/pee><\/div>\n<p><!-- [et_pb_line_break_holder] --><\/p>\n<div><strong>1968<\/strong> <pee>The company headquarters was completely relocated to Borghorst and 5 years later Hubert Pohlmann, who gave the company its name, took over the company with an area of 1,000 sqm.<!-- [et_pb_line_break_holder] --><\/pee><\/div>\n<p><!-- [et_pb_line_break_holder] --><\/p>\n<div><strong>1952<\/strong> <pee>A second warehouse and sales office were opened on Kaiser-Wilhelm-Stra\u00dfe in Borghorst.<!-- [et_pb_line_break_holder] --><\/pee><\/div>\n<p><!-- [et_pb_line_break_holder] --><\/p>\n<div><strong>1946<\/strong> <pee>Josef Dalm\u00fchle founded the company EISEN + BAUSTAHL in Ahaus under modest conditions. The trade was limited to steel bars, reinforcing steel and construction steel mesh.<!-- [et_pb_line_break_holder] --><\/pee><\/div>\n<p><!-- [et_pb_line_break_holder] -->[\/et_pb_code][\/et_pb_column][\/et_pb_row][\/et_pb_section][et_pb_section fb_built=&#8221;1&#8243; specialty=&#8221;on&#8221; module_class=&#8221;kachel-bilder&#8221; _builder_version=&#8221;4.17.6&#8243; _module_preset=&#8221;default&#8221; global_colors_info=&#8221;{}&#8221;][et_pb_column type=&#8221;2_3&#8243; specialty_columns=&#8221;2&#8243; _builder_version=&#8221;4.16&#8243; custom_padding=&#8221;|||&#8221; global_colors_info=&#8221;{}&#8221; custom_padding__hover=&#8221;|||&#8221;][et_pb_row_inner column_structure=&#8221;1_2,1_2&#8243; module_class=&#8221;objekt-eins&#8221; _builder_version=&#8221;4.17.6&#8243; _module_preset=&#8221;default&#8221; global_colors_info=&#8221;{}&#8221;][et_pb_column_inner type=&#8221;1_2&#8243; saved_specialty_column_type=&#8221;2_3&#8243; _builder_version=&#8221;4.17.6&#8243; _module_preset=&#8221;default&#8221; global_colors_info=&#8221;{}&#8221;][et_pb_image src=&#8221;https:\/\/stahl-pohlmann.info\/wp-content\/uploads\/2022\/10\/Historie_004-min-scaled.jpg&#8221; alt=&#8221;history&#8221; _builder_version=&#8221;4.18.0&#8243; _module_preset=&#8221;default&#8221; global_colors_info=&#8221;{}&#8221;][\/et_pb_image][\/et_pb_column_inner][et_pb_column_inner type=&#8221;1_2&#8243; saved_specialty_column_type=&#8221;2_3&#8243; _builder_version=&#8221;4.17.6&#8243; _module_preset=&#8221;default&#8221; global_colors_info=&#8221;{}&#8221;][et_pb_code _builder_version=&#8221;4.20.4&#8243; _module_preset=&#8221;default&#8221; hover_enabled=&#8221;0&#8243; global_colors_info=&#8221;{}&#8221; sticky_enabled=&#8221;0&#8243;]<\/p>\n<h3><!-- [et_pb_line_break_holder] --> Stahl.<!\u2013- [et_pb_br_holder] -\u2013><!-- [et_pb_line_break_holder] --> Individuell.<!\u2013- [et_pb_br_holder] -\u2013><!-- [et_pb_line_break_holder] --> Schnell.<!\u2013- [et_pb_br_holder] -\u2013><!-- [et_pb_line_break_holder] --><\/h3>\n<p><!-- [et_pb_line_break_holder] --><a class=\"et_pb_button et_pb_button_0 et_pb_bg_layout_light produkte-en\" href=\"#\">Our products<\/a> [\/et_pb_code][\/et_pb_column_inner][\/et_pb_row_inner][et_pb_row_inner column_structure=&#8221;1_2,1_2&#8243; module_class=&#8221;objekt-zwei&#8221; _builder_version=&#8221;4.17.6&#8243; _module_preset=&#8221;default&#8221; global_colors_info=&#8221;{}&#8221;][et_pb_column_inner type=&#8221;1_2&#8243; saved_specialty_column_type=&#8221;2_3&#8243; _builder_version=&#8221;4.17.6&#8243; _module_preset=&#8221;default&#8221; global_colors_info=&#8221;{}&#8221;][et_pb_image src=&#8221;https:\/\/stahl-pohlmann.info\/wp-content\/uploads\/2022\/10\/Bildcollage2_Bild2.jpg&#8221; alt=&#8221;steel&#8221; _builder_version=&#8221;4.18.0&#8243; _module_preset=&#8221;default&#8221; global_colors_info=&#8221;{}&#8221;][\/et_pb_image][\/et_pb_column_inner][et_pb_column_inner type=&#8221;1_2&#8243; saved_specialty_column_type=&#8221;2_3&#8243; _builder_version=&#8221;4.17.6&#8243; _module_preset=&#8221;default&#8221; global_colors_info=&#8221;{}&#8221;][et_pb_image src=&#8221;https:\/\/stahl-pohlmann.info\/wp-content\/uploads\/2022\/10\/Historie_001.jpg&#8221; alt=&#8221;history&#8221; _builder_version=&#8221;4.18.0&#8243; _module_preset=&#8221;default&#8221; global_colors_info=&#8221;{}&#8221;][\/et_pb_image][\/et_pb_column_inner][\/et_pb_row_inner][\/et_pb_column][et_pb_column type=&#8221;1_3&#8243; _builder_version=&#8221;4.16&#8243; custom_padding=&#8221;|||&#8221; global_colors_info=&#8221;{}&#8221; custom_padding__hover=&#8221;|||&#8221;][et_pb_image src=&#8221;https:\/\/stahl-pohlmann.info\/wp-content\/uploads\/2022\/10\/Historie_002.jpg&#8221; alt=&#8221;history&#8221; module_class=&#8221;objekt-drei&#8221; _builder_version=&#8221;4.18.0&#8243; _module_preset=&#8221;default&#8221; global_colors_info=&#8221;{}&#8221;][\/et_pb_image][\/et_pb_column][\/et_pb_section]<\/p>\n","protected":false},"excerpt":{"rendered":"","protected":false},"author":1,"featured_media":0,"parent":0,"menu_order":0,"comment_status":"closed","ping_status":"closed","template":"","meta":{"_et_pb_use_builder":"on","_et_pb_old_content":"","_et_gb_content_width":"","footnotes":""},"class_list":["post-1508","page","type-page","status-publish","hentry"],"yoast_head":"<!-- This site is optimized with the Yoast SEO plugin v27.4 - https:\/\/yoast.com\/product\/yoast-seo-wordpress\/ -->\n<title>Our values - Eisen + Baustahl Pohlmann<\/title>\n<meta name=\"description\" content=\"Pohlmann&#039;s values are fast, strong service and specialised. Discover our core values over the last 75 years.\" \/>\n<meta name=\"robots\" content=\"index, follow, max-snippet:-1, max-image-preview:large, max-video-preview:-1\" \/>\n<link rel=\"canonical\" href=\"https:\/\/stahl-pohlmann.info\/en\/our-values\/\" \/>\n<meta property=\"og:locale\" content=\"en_US\" \/>\n<meta property=\"og:type\" content=\"article\" \/>\n<meta property=\"og:title\" content=\"Our values - Eisen + Baustahl Pohlmann\" \/>\n<meta property=\"og:description\" content=\"Pohlmann&#039;s values are fast, strong service and specialised. Discover our core values over the last 75 years.\" \/>\n<meta property=\"og:url\" content=\"https:\/\/stahl-pohlmann.info\/en\/our-values\/\" \/>\n<meta property=\"og:site_name\" content=\"Eisen + Baustahl Pohlmann\" \/>\n<meta property=\"article:modified_time\" content=\"2023-05-10T12:26:45+00:00\" \/>\n<meta name=\"twitter:card\" content=\"summary_large_image\" \/>\n<script type=\"application\/ld+json\" class=\"yoast-schema-graph\">{\"@context\":\"https:\\\/\\\/schema.org\",\"@graph\":[{\"@type\":\"WebPage\",\"@id\":\"https:\\\/\\\/stahl-pohlmann.info\\\/en\\\/our-values\\\/\",\"url\":\"https:\\\/\\\/stahl-pohlmann.info\\\/en\\\/our-values\\\/\",\"name\":\"Our values - Eisen + Baustahl Pohlmann\",\"isPartOf\":{\"@id\":\"https:\\\/\\\/stahl-pohlmann.info\\\/en\\\/#website\"},\"datePublished\":\"2022-08-08T07:42:06+00:00\",\"dateModified\":\"2023-05-10T12:26:45+00:00\",\"description\":\"Pohlmann's values are fast, strong service and specialised. Discover our core values over the last 75 years.\",\"breadcrumb\":{\"@id\":\"https:\\\/\\\/stahl-pohlmann.info\\\/en\\\/our-values\\\/#breadcrumb\"},\"inLanguage\":\"en-US\",\"potentialAction\":[{\"@type\":\"ReadAction\",\"target\":[\"https:\\\/\\\/stahl-pohlmann.info\\\/en\\\/our-values\\\/\"]}]},{\"@type\":\"BreadcrumbList\",\"@id\":\"https:\\\/\\\/stahl-pohlmann.info\\\/en\\\/our-values\\\/#breadcrumb\",\"itemListElement\":[{\"@type\":\"ListItem\",\"position\":1,\"name\":\"Startseite\",\"item\":\"https:\\\/\\\/stahl-pohlmann.info\\\/en\\\/\"},{\"@type\":\"ListItem\",\"position\":2,\"name\":\"Our values\"}]},{\"@type\":\"WebSite\",\"@id\":\"https:\\\/\\\/stahl-pohlmann.info\\\/en\\\/#website\",\"url\":\"https:\\\/\\\/stahl-pohlmann.info\\\/en\\\/\",\"name\":\"Eisen + Baustahl Pohlmann\",\"description\":\"Just another WordPress site\",\"publisher\":{\"@id\":\"https:\\\/\\\/stahl-pohlmann.info\\\/en\\\/#organization\"},\"potentialAction\":[{\"@type\":\"SearchAction\",\"target\":{\"@type\":\"EntryPoint\",\"urlTemplate\":\"https:\\\/\\\/stahl-pohlmann.info\\\/en\\\/?s={search_term_string}\"},\"query-input\":{\"@type\":\"PropertyValueSpecification\",\"valueRequired\":true,\"valueName\":\"search_term_string\"}}],\"inLanguage\":\"en-US\"},{\"@type\":\"Organization\",\"@id\":\"https:\\\/\\\/stahl-pohlmann.info\\\/en\\\/#organization\",\"name\":\"Eisen + Baustahl Pohlmann\",\"url\":\"https:\\\/\\\/stahl-pohlmann.info\\\/en\\\/\",\"logo\":{\"@type\":\"ImageObject\",\"inLanguage\":\"en-US\",\"@id\":\"https:\\\/\\\/stahl-pohlmann.info\\\/en\\\/#\\\/schema\\\/logo\\\/image\\\/\",\"url\":\"https:\\\/\\\/stahl-pohlmann.de\\\/wp-content\\\/uploads\\\/2022\\\/08\\\/logo-pohlmann.jpg\",\"contentUrl\":\"https:\\\/\\\/stahl-pohlmann.de\\\/wp-content\\\/uploads\\\/2022\\\/08\\\/logo-pohlmann.jpg\",\"width\":305,\"height\":87,\"caption\":\"Eisen + Baustahl Pohlmann\"},\"image\":{\"@id\":\"https:\\\/\\\/stahl-pohlmann.info\\\/en\\\/#\\\/schema\\\/logo\\\/image\\\/\"}}]}<\/script>\n<!-- \/ Yoast SEO plugin. -->","yoast_head_json":{"title":"Our values - Eisen + Baustahl Pohlmann","description":"Pohlmann's values are fast, strong service and specialised. Discover our core values over the last 75 years.","robots":{"index":"index","follow":"follow","max-snippet":"max-snippet:-1","max-image-preview":"max-image-preview:large","max-video-preview":"max-video-preview:-1"},"canonical":"https:\/\/stahl-pohlmann.info\/en\/our-values\/","og_locale":"en_US","og_type":"article","og_title":"Our values - Eisen + Baustahl Pohlmann","og_description":"Pohlmann's values are fast, strong service and specialised. Discover our core values over the last 75 years.","og_url":"https:\/\/stahl-pohlmann.info\/en\/our-values\/","og_site_name":"Eisen + Baustahl Pohlmann","article_modified_time":"2023-05-10T12:26:45+00:00","twitter_card":"summary_large_image","schema":{"@context":"https:\/\/schema.org","@graph":[{"@type":"WebPage","@id":"https:\/\/stahl-pohlmann.info\/en\/our-values\/","url":"https:\/\/stahl-pohlmann.info\/en\/our-values\/","name":"Our values - Eisen + Baustahl Pohlmann","isPartOf":{"@id":"https:\/\/stahl-pohlmann.info\/en\/#website"},"datePublished":"2022-08-08T07:42:06+00:00","dateModified":"2023-05-10T12:26:45+00:00","description":"Pohlmann's values are fast, strong service and specialised. Discover our core values over the last 75 years.","breadcrumb":{"@id":"https:\/\/stahl-pohlmann.info\/en\/our-values\/#breadcrumb"},"inLanguage":"en-US","potentialAction":[{"@type":"ReadAction","target":["https:\/\/stahl-pohlmann.info\/en\/our-values\/"]}]},{"@type":"BreadcrumbList","@id":"https:\/\/stahl-pohlmann.info\/en\/our-values\/#breadcrumb","itemListElement":[{"@type":"ListItem","position":1,"name":"Startseite","item":"https:\/\/stahl-pohlmann.info\/en\/"},{"@type":"ListItem","position":2,"name":"Our values"}]},{"@type":"WebSite","@id":"https:\/\/stahl-pohlmann.info\/en\/#website","url":"https:\/\/stahl-pohlmann.info\/en\/","name":"Eisen + Baustahl Pohlmann","description":"Just another WordPress site","publisher":{"@id":"https:\/\/stahl-pohlmann.info\/en\/#organization"},"potentialAction":[{"@type":"SearchAction","target":{"@type":"EntryPoint","urlTemplate":"https:\/\/stahl-pohlmann.info\/en\/?s={search_term_string}"},"query-input":{"@type":"PropertyValueSpecification","valueRequired":true,"valueName":"search_term_string"}}],"inLanguage":"en-US"},{"@type":"Organization","@id":"https:\/\/stahl-pohlmann.info\/en\/#organization","name":"Eisen + Baustahl Pohlmann","url":"https:\/\/stahl-pohlmann.info\/en\/","logo":{"@type":"ImageObject","inLanguage":"en-US","@id":"https:\/\/stahl-pohlmann.info\/en\/#\/schema\/logo\/image\/","url":"https:\/\/stahl-pohlmann.de\/wp-content\/uploads\/2022\/08\/logo-pohlmann.jpg","contentUrl":"https:\/\/stahl-pohlmann.de\/wp-content\/uploads\/2022\/08\/logo-pohlmann.jpg","width":305,"height":87,"caption":"Eisen + Baustahl Pohlmann"},"image":{"@id":"https:\/\/stahl-pohlmann.info\/en\/#\/schema\/logo\/image\/"}}]}},"_links":{"self":[{"href":"https:\/\/stahl-pohlmann.info\/en\/wp-json\/wp\/v2\/pages\/1508","targetHints":{"allow":["GET"]}}],"collection":[{"href":"https:\/\/stahl-pohlmann.info\/en\/wp-json\/wp\/v2\/pages"}],"about":[{"href":"https:\/\/stahl-pohlmann.info\/en\/wp-json\/wp\/v2\/types\/page"}],"author":[{"embeddable":true,"href":"https:\/\/stahl-pohlmann.info\/en\/wp-json\/wp\/v2\/users\/1"}],"replies":[{"embeddable":true,"href":"https:\/\/stahl-pohlmann.info\/en\/wp-json\/wp\/v2\/comments?post=1508"}],"version-history":[{"count":10,"href":"https:\/\/stahl-pohlmann.info\/en\/wp-json\/wp\/v2\/pages\/1508\/revisions"}],"predecessor-version":[{"id":2122,"href":"https:\/\/stahl-pohlmann.info\/en\/wp-json\/wp\/v2\/pages\/1508\/revisions\/2122"}],"wp:attachment":[{"href":"https:\/\/stahl-pohlmann.info\/en\/wp-json\/wp\/v2\/media?parent=1508"}],"curies":[{"name":"wp","href":"https:\/\/api.w.org\/{rel}","templated":true}]}}